{"id":2324,"date":"2024-05-04T12:02:11","date_gmt":"2024-05-04T11:02:11","guid":{"rendered":"https:\/\/mahdalm.it\/?page_id=2324"},"modified":"2024-05-04T12:21:42","modified_gmt":"2024-05-04T11:21:42","slug":"tallner-sunntig","status":"publish","type":"page","link":"https:\/\/mahdalm.it\/?page_id=2324","title":{"rendered":"Tallner Sunntig"},"content":{"rendered":"\n<div class=\"wp-block-buttons alignfull is-content-justification-center is-layout-flex wp-container-core-buttons-is-layout-d9cd0f1e wp-block-buttons-is-layout-flex\">\n<div class=\"wp-block-button has-custom-font-size has-small-font-size\"><a class=\"wp-block-button__link has-background wp-element-button\" href=\"https:\/\/tallnersunntig.it\/\" style=\"background-color:#e8093a7a\">Tallner Sunntig im Hirzer-Wanderparadies<\/a><\/div>\n<\/div>\n\n\n<style>.kb-row-layout-id2324_4047f1-75 > .kt-row-column-wrap{align-content:start;}:where(.kb-row-layout-id2324_4047f1-75 > .kt-row-column-wrap) > .wp-block-kadence-column{justify-content:start;}.kb-row-layout-id2324_4047f1-75 > .kt-row-column-wrap{column-gap:var(--global-kb-gap-md, 2rem);row-gap:var(--global-kb-gap-lg, 4rem);max-width:var( --global-content-width, 1290px );padding-left:var(--global-content-edge-padding);padding-right:var(--global-content-edge-padding);padding-top:var(--global-kb-spacing-lg, 3rem);padding-bottom:var(--global-kb-spacing-xl, 4rem);grid-template-columns:minmax(0, 1fr);}.kb-row-layout-id2324_4047f1-75 > .kt-row-layout-overlay{opacity:0.30;}@media all and (max-width: 1024px){.kb-row-layout-id2324_4047f1-75 > .kt-row-column-wrap{grid-template-columns:minmax(0, 1fr);}}@media all and (max-width: 767px){.kb-row-layout-id2324_4047f1-75 > .kt-row-column-wrap{grid-template-columns:minmax(0, 1fr);}}<\/style><div class=\"kb-row-layout-wrap kb-row-layout-id2324_4047f1-75 alignfull has-theme-palette9-background-color kt-row-has-bg wp-block-kadence-rowlayout\"><div class=\"kt-row-column-wrap kt-has-2-columns kt-row-layout-row kt-tab-layout-inherit kt-mobile-layout-row kt-row-valign-top kb-theme-content-width\">\n<style>.kadence-column2324_3bcd62-f5 > .kt-inside-inner-col,.kadence-column2324_3bcd62-f5 > .kt-inside-inner-col:before{border-top-left-radius:0px;border-top-right-radius:0px;border-bottom-right-radius:0px;border-bottom-left-radius:0px;}.kadence-column2324_3bcd62-f5 > .kt-inside-inner-col{column-gap:var(--global-kb-gap-sm, 1rem);}.kadence-column2324_3bcd62-f5 > .kt-inside-inner-col{flex-direction:column;}.kadence-column2324_3bcd62-f5 > .kt-inside-inner-col > .aligncenter{width:100%;}.kadence-column2324_3bcd62-f5 > .kt-inside-inner-col:before{opacity:0.3;}.kadence-column2324_3bcd62-f5{position:relative;}@media all and (max-width: 1024px){.kadence-column2324_3bcd62-f5 > .kt-inside-inner-col{flex-direction:column;justify-content:center;}}@media all and (max-width: 767px){.kadence-column2324_3bcd62-f5 > .kt-inside-inner-col{flex-direction:column;justify-content:center;}}<\/style>\n<div class=\"wp-block-kadence-column kadence-column2324_3bcd62-f5\"><div class=\"kt-inside-inner-col\"><style>.kb-row-layout-id2324_e88259-06 > .kt-row-column-wrap{align-content:start;}:where(.kb-row-layout-id2324_e88259-06 > .kt-row-column-wrap) > .wp-block-kadence-column{justify-content:start;}.kb-row-layout-id2324_e88259-06 > .kt-row-column-wrap{column-gap:var(--global-kb-gap-lg, 4rem);row-gap:var(--global-kb-gap-md, 2rem);max-width:var( --global-content-width, 1290px );padding-left:var(--global-content-edge-padding);padding-right:var(--global-content-edge-padding);padding-right:0px;padding-left:0px;min-height:572px;grid-template-columns:repeat(2, minmax(0, 1fr));}.kb-row-layout-id2324_e88259-06 > .kt-row-layout-overlay{opacity:0.30;}@media all and (max-width: 1024px){.kb-row-layout-id2324_e88259-06 > .kt-row-column-wrap{grid-template-columns:minmax(0, 1fr);}}@media all and (max-width: 767px){.kb-row-layout-id2324_e88259-06 > .kt-row-column-wrap{grid-template-columns:minmax(0, 1fr);}}<\/style><div class=\"kb-row-layout-wrap kb-row-layout-id2324_e88259-06 alignnone wp-block-kadence-rowlayout\"><div class=\"kt-row-column-wrap kt-has-2-columns kt-row-layout-equal kt-tab-layout-row kt-mobile-layout-row kt-row-valign-top kt-inner-column-height-full kb-theme-content-width\">\n<style>.kadence-column2324_6da061-c1 > .kt-inside-inner-col{display:flex;}.kadence-column2324_6da061-c1 > .kt-inside-inner-col,.kadence-column2324_6da061-c1 > .kt-inside-inner-col:before{border-top-left-radius:24px;border-top-right-radius:24px;border-bottom-right-radius:24px;border-bottom-left-radius:24px;}.kadence-column2324_6da061-c1 > .kt-inside-inner-col{column-gap:var(--global-kb-gap-sm, 1rem);}.kadence-column2324_6da061-c1 > .kt-inside-inner-col{flex-direction:column;justify-content:center;}.kadence-column2324_6da061-c1 > .kt-inside-inner-col > .aligncenter{width:100%;}.kt-row-column-wrap > .kadence-column2324_6da061-c1{align-self:center;}.kt-inner-column-height-full:not(.kt-has-1-columns) > .wp-block-kadence-column.kadence-column2324_6da061-c1{align-self:auto;}.kt-inner-column-height-full:not(.kt-has-1-columns) > .wp-block-kadence-column.kadence-column2324_6da061-c1 > .kt-inside-inner-col{flex-direction:column;justify-content:center;}.kadence-column2324_6da061-c1 > .kt-inside-inner-col{background-image:url('https:\/\/mahdalm.it\/wp-content\/uploads\/2024\/03\/tallner_sunntig_logo.png');background-size:cover;background-position:49% 48%;background-attachment:scroll;background-repeat:no-repeat;}.kadence-column2324_6da061-c1 > .kt-inside-inner-col:before{opacity:0.3;}.kadence-column2324_6da061-c1{position:relative;}@media all and (max-width: 1024px){.kt-row-column-wrap > .kadence-column2324_6da061-c1{align-self:center;}}@media all and (max-width: 1024px){.kt-inner-column-height-full:not(.kt-has-1-columns) > .wp-block-kadence-column.kadence-column2324_6da061-c1{align-self:auto;}}@media all and (max-width: 1024px){.kt-inner-column-height-full:not(.kt-has-1-columns) > .wp-block-kadence-column.kadence-column2324_6da061-c1 > .kt-inside-inner-col{flex-direction:column;justify-content:center;}}@media all and (max-width: 1024px){.kadence-column2324_6da061-c1 > .kt-inside-inner-col{flex-direction:column;justify-content:center;}}@media all and (max-width: 767px){.kt-row-column-wrap > .kadence-column2324_6da061-c1{align-self:center;}.kt-inner-column-height-full:not(.kt-has-1-columns) > .wp-block-kadence-column.kadence-column2324_6da061-c1{align-self:auto;}.kt-inner-column-height-full:not(.kt-has-1-columns) > .wp-block-kadence-column.kadence-column2324_6da061-c1 > .kt-inside-inner-col{flex-direction:column;justify-content:center;}.kadence-column2324_6da061-c1 > .kt-inside-inner-col{flex-direction:column;justify-content:center;}}<\/style>\n<div class=\"wp-block-kadence-column kadence-column2324_6da061-c1 kb-section-dir-vertical kb-section-md-dir-vertical\"><div class=\"kt-inside-inner-col\"><style>.wp-block-kadence-spacer.kt-block-spacer-2324_99f54b-1c .kt-block-spacer{height:400px;}.wp-block-kadence-spacer.kt-block-spacer-2324_99f54b-1c .kt-divider{border-top-width:1px;height:1px;border-top-color:#eee;width:80%;border-top-style:solid;}<\/style>\n<div class=\"wp-block-kadence-spacer aligncenter kt-block-spacer-2324_99f54b-1c kvs-lg-false\"><div class=\"kt-block-spacer kt-block-spacer-halign-center\"><\/div><\/div>\n<\/div><\/div>\n\n\n<style>.kadence-column2324_647f05-25 > .kt-inside-inner-col{display:flex;}.kadence-column2324_647f05-25 > .kt-inside-inner-col,.kadence-column2324_647f05-25 > .kt-inside-inner-col:before{border-top-left-radius:0px;border-top-right-radius:0px;border-bottom-right-radius:0px;border-bottom-left-radius:0px;}.kadence-column2324_647f05-25 > .kt-inside-inner-col{column-gap:var(--global-kb-gap-sm, 1rem);}.kadence-column2324_647f05-25 > .kt-inside-inner-col{flex-direction:column;justify-content:center;}.kadence-column2324_647f05-25 > .kt-inside-inner-col > .aligncenter{width:100%;}.kt-row-column-wrap > .kadence-column2324_647f05-25{align-self:center;}.kt-inner-column-height-full:not(.kt-has-1-columns) > .wp-block-kadence-column.kadence-column2324_647f05-25{align-self:auto;}.kt-inner-column-height-full:not(.kt-has-1-columns) > .wp-block-kadence-column.kadence-column2324_647f05-25 > .kt-inside-inner-col{flex-direction:column;justify-content:center;}.kadence-column2324_647f05-25 > .kt-inside-inner-col:before{opacity:0.3;}.kadence-column2324_647f05-25{position:relative;}@media all and (max-width: 1024px){.kt-row-column-wrap > .kadence-column2324_647f05-25{align-self:center;}}@media all and (max-width: 1024px){.kt-inner-column-height-full:not(.kt-has-1-columns) > .wp-block-kadence-column.kadence-column2324_647f05-25{align-self:auto;}}@media all and (max-width: 1024px){.kt-inner-column-height-full:not(.kt-has-1-columns) > .wp-block-kadence-column.kadence-column2324_647f05-25 > .kt-inside-inner-col{flex-direction:column;justify-content:center;}}@media all and (max-width: 1024px){.kadence-column2324_647f05-25{text-align:center;}}@media all and (max-width: 1024px){.kadence-column2324_647f05-25 > .kt-inside-inner-col{flex-direction:column;justify-content:center;}}@media all and (max-width: 767px){.kt-row-column-wrap > .kadence-column2324_647f05-25{align-self:center;}.kt-inner-column-height-full:not(.kt-has-1-columns) > .wp-block-kadence-column.kadence-column2324_647f05-25{align-self:auto;}.kt-inner-column-height-full:not(.kt-has-1-columns) > .wp-block-kadence-column.kadence-column2324_647f05-25 > .kt-inside-inner-col{flex-direction:column;justify-content:center;}.kadence-column2324_647f05-25 > .kt-inside-inner-col{flex-direction:column;justify-content:center;}}<\/style>\n<div class=\"wp-block-kadence-column kadence-column2324_647f05-25 kb-section-dir-vertical kb-section-md-dir-vertical\"><div class=\"kt-inside-inner-col\"><style>.wp-block-kadence-advancedheading.kt-adv-heading2324_debc08-52, .wp-block-kadence-advancedheading.kt-adv-heading2324_debc08-52[data-kb-block=\"kb-adv-heading2324_debc08-52\"]{margin-top:var(--global-kb-spacing-sm, 1.5rem);margin-bottom:0px;font-size:var(--global-kb-font-size-md, 1.25rem);line-height:1.8;font-style:normal;}.wp-block-kadence-advancedheading.kt-adv-heading2324_debc08-52 mark.kt-highlight, .wp-block-kadence-advancedheading.kt-adv-heading2324_debc08-52[data-kb-block=\"kb-adv-heading2324_debc08-52\"] mark.kt-highlight{font-style:normal;color:#f76a0c;-webkit-box-decoration-break:clone;box-decoration-break:clone;padding-top:0px;padding-right:0px;padding-bottom:0px;padding-left:0px;}<\/style>\n<p class=\"kt-adv-heading2324_debc08-52 wp-block-kadence-advancedheading has-theme-palette-3-color has-text-color\" data-kb-block=\"kb-adv-heading2324_debc08-52\">Zum &#8220;Tallner Sunntig&#8221; bieten die Aufstiegsanlagen an jedem ersten Sonntag von Mai bis Oktober besondere Preisnachl\u00e4sse. Die Seilbahn Hirzer, die Seilbahn Verdins-Tall, die Sesselbahn Grube sowie die Gasth\u00f6fe in Obertall, Videgg und im Hirzer-Wandergebiet laden herzlich zum Wandern und Genie\u00dfen kulinarischer K\u00f6stlichkeiten ein!<\/p>\n\n\n\n<h5 class=\"wp-block-heading\">\u00d6ffnungszeiten Aufstiegsanlagen<\/h5>\n\n\n\n<h5 class=\"wp-block-heading\"><a href=\"http:\/\/www.hirzer.info\" target=\"_blank\" rel=\"noreferrer noopener\">Seilbahn Hirzer<\/a> und <a href=\"http:\/\/www.verdins.it\" target=\"_blank\" rel=\"noreferrer noopener\">Seilbahn Verdins-Tall<\/a><\/h5>\n\n\n\n<p>Mai \/ Juni \/ Oktober&nbsp;&nbsp;&nbsp; bis 18.30 Uhr<br>Juli \/ August \/ September &nbsp;&nbsp; bis 19.30 Uhr<\/p>\n\n\n\n<h5 class=\"wp-block-heading\">Sessellift Grube bis 18 Uhr<\/h5>\n\n\n\n<p>Juli \/ August \/ September &nbsp;&nbsp; bis 19.00 Uhr<\/p>\n<\/div><\/div>\n\n<\/div><\/div><\/div><\/div>\n\n\n<style>.kadence-column2324_448ea8-2f > .kt-inside-inner-col,.kadence-column2324_448ea8-2f > .kt-inside-inner-col:before{border-top-left-radius:0px;border-top-right-radius:0px;border-bottom-right-radius:0px;border-bottom-left-radius:0px;}.kadence-column2324_448ea8-2f > .kt-inside-inner-col{column-gap:var(--global-kb-gap-sm, 1rem);}.kadence-column2324_448ea8-2f > .kt-inside-inner-col{flex-direction:column;}.kadence-column2324_448ea8-2f > .kt-inside-inner-col > .aligncenter{width:100%;}.kadence-column2324_448ea8-2f > .kt-inside-inner-col:before{opacity:0.3;}.kadence-column2324_448ea8-2f{position:relative;}@media all and (max-width: 1024px){.kadence-column2324_448ea8-2f > .kt-inside-inner-col{flex-direction:column;justify-content:center;}}@media all and (max-width: 767px){.kadence-column2324_448ea8-2f > .kt-inside-inner-col{flex-direction:column;justify-content:center;}}<\/style>\n<div class=\"wp-block-kadence-column kadence-column2324_448ea8-2f\"><div class=\"kt-inside-inner-col\"><\/div><\/div>\n\n<\/div><\/div>","protected":false},"excerpt":{"rendered":"<p>Zum &#8220;Tallner Sunntig&#8221; bieten die Aufstiegsanlagen an jedem ersten Sonntag von Mai bis Oktober besondere Preisnachl\u00e4sse. Die Seilbahn Hirzer, die Seilbahn Verdins-Tall, die Sesselbahn Grube sowie die Gasth\u00f6fe in Obertall, Videgg und im Hirzer-Wandergebiet laden herzlich zum Wandern und Genie\u00dfen kulinarischer K\u00f6stlichkeiten ein! \u00d6ffnungszeiten Aufstiegsanlagen Seilbahn Hirzer und Seilbahn Verdins-Tall Mai \/ Juni \/ Oktober&nbsp;&nbsp;&nbsp;&#8230;<\/p>\n","protected":false},"author":1,"featured_media":0,"parent":0,"menu_order":0,"comment_status":"closed","ping_status":"closed","template":"","meta":{"_kadence_starter_templates_imported_post":false,"_kad_post_transparent":"","_kad_post_title":"","_kad_post_layout":"","_kad_post_sidebar_id":"","_kad_post_content_style":"","_kad_post_vertical_padding":"","_kad_post_feature":"","_kad_post_feature_position":"","_kad_post_header":false,"_kad_post_footer":false,"footnotes":""},"class_list":["post-2324","page","type-page","status-publish","hentry"],"_links":{"self":[{"href":"https:\/\/mahdalm.it\/index.php?rest_route=\/wp\/v2\/pages\/2324","targetHints":{"allow":["GET"]}}],"collection":[{"href":"https:\/\/mahdalm.it\/index.php?rest_route=\/wp\/v2\/pages"}],"about":[{"href":"https:\/\/mahdalm.it\/index.php?rest_route=\/wp\/v2\/types\/page"}],"author":[{"embeddable":true,"href":"https:\/\/mahdalm.it\/index.php?rest_route=\/wp\/v2\/users\/1"}],"replies":[{"embeddable":true,"href":"https:\/\/mahdalm.it\/index.php?rest_route=%2Fwp%2Fv2%2Fcomments&post=2324"}],"version-history":[{"count":4,"href":"https:\/\/mahdalm.it\/index.php?rest_route=\/wp\/v2\/pages\/2324\/revisions"}],"predecessor-version":[{"id":2337,"href":"https:\/\/mahdalm.it\/index.php?rest_route=\/wp\/v2\/pages\/2324\/revisions\/2337"}],"wp:attachment":[{"href":"https:\/\/mahdalm.it\/index.php?rest_route=%2Fwp%2Fv2%2Fmedia&parent=2324"}],"curies":[{"name":"wp","href":"https:\/\/api.w.org\/{rel}","templated":true}]}}